{"id":2036,"date":"2016-08-18T15:10:32","date_gmt":"2016-08-18T13:10:32","guid":{"rendered":"http:\/\/meinklang.at\/en\/?page_id=2036"},"modified":"2020-03-24T11:08:30","modified_gmt":"2020-03-24T10:08:30","slug":"somlo","status":"publish","type":"page","link":"https:\/\/meinklang.at\/en\/viniculture\/somlo\/","title":{"rendered":"Soml\u00f2"},"content":{"rendered":"<div class=\"wpb-content-wrapper\"><p>[vc_row columns_height=&#8221;adjust_cols_height&#8221; css=&#8221;.vc_custom_1415281635298{margin-bottom: 0px !important;}&#8221; background_style=&#8221;normal&#8221;][vc_column width=&#8221;1\/3&#8243; css=&#8221;.vc_custom_1469783254201{padding-top: 100px !important;padding-right: 20% !important;padding-bottom: 100px !important;padding-left: 20% !important;}&#8221;][vc_column_text]<\/p>\n<h2>Soml\u00f3<\/h2>\n<p>From the middle of the Hungarian Puszta expanse rises the Soml\u00f3, an extinct volcano crowned by castle ruins dating back to the 11th century. The slopes of the Soml\u00f3 are home to beautiful wines with centuries of history.<br \/>\nThe Soml\u00f3 wines were also greatly valued as remedies and used by traditional Pannonian apothecaries as medicine &#8211; Vinum Somlaianum omni tempore sanum.[\/vc_column_text][\/vc_column][vc_column width=&#8221;2\/3&#8243; css=&#8221;.vc_custom_1469782865010{background-image: url(http:\/\/meinklang.at\/wp-content\/uploads\/2015\/03\/Somlo_Berg_total.jpg?id=1444) !important;background-position: center !important;background-repeat: no-repeat !important;background-size: cover !important;}&#8221;][\/vc_column][\/vc_row][vc_row columns_height=&#8221;adjust_cols_height&#8221; css=&#8221;.vc_custom_1415045091684{margin-bottom: 0px !important;}&#8221; background_style=&#8221;normal&#8221;][vc_column width=&#8221;2\/3&#8243; css=&#8221;.vc_custom_1469782892617{background-image: url(http:\/\/meinklang.at\/wp-content\/uploads\/2015\/12\/Somlo_Berg_2-e1450177565251-everglow.jpg?id=1533) !important;background-position: center !important;background-repeat: no-repeat !important;background-size: cover !important;}&#8221;][\/vc_column][vc_column width=&#8221;1\/3&#8243; css=&#8221;.vc_custom_1452866481114{padding-top: 50px !important;padding-right: 10% !important;padding-bottom: 50px !important;padding-left: 10% !important;background-position: center !important;background-repeat: no-repeat !important;background-size: cover !important;}&#8221;][vc_column_text]<\/p>\n<h2>Volcanic soil<\/h2>\n<p>The mineral-rich volcanic soils are ideal for our vines. Basalt and loess weather together with light layers of sand to make fertile soils. They are loose, well-aerated and retain heat \u2013 the perfect conditions for vines. Through small cracks in the rock, their roots penetrate many metres into the mountain\u2019s interior, absorbing its valuable minerals.<\/p>\n<p>Hungary\u2018s smallest wine region is only around 800 ha in size. While the individual sites and slopes were originally divided between the noble families, today the area is characterised by many little parcels used by self-sufficient farmers.<br \/>\nPicturesque little houses, fruit trees, shrubs and enchanting cottage gardens blend into the mountain vineyard landscape.[\/vc_column_text][\/vc_column][\/vc_row][vc_row columns_height=&#8221;adjust_cols_height&#8221; css=&#8221;.vc_custom_1415045106206{margin-bottom: 0px !important;}&#8221; background_style=&#8221;normal&#8221;][vc_column width=&#8221;1\/2&#8243; css=&#8221;.vc_custom_1452866506589{padding-top: 100px !important;padding-right: 15% !important;padding-bottom: 100px !important;padding-left: 15% !important;}&#8221;][vc_column_text]<\/p>\n<h2>Traditional grape varieties<\/h2>\n<p>One of the traditional grape varieties is H\u00e1rslevel\u00fc: pale yellow, feminine and elegant, with fine fruit aromas. It is also known as \u201cLindenbl\u00e4ttriger\u201d (which refers to linden leaf in German), its bewitching linden flower aroma giving it its name. This grape shows fine varietal minerality and fresh acidity. It has large, long berries and loose bunches, making it resistant to disease.<\/p>\n<p>The other traditional variety is Juhfark: fiercely masculine, rich golden yellow in colour and extravagant, with well-balanced acidity. Its Hungarian name translates to \u201csheep\u2019s tail\u201d and refers to the elongated and curved shape of its grape clusters. It is considered to be one of the noblest Hungarian white wines, and is also known as \u201cthe throne successor\u2019s wine\u201d. This variety is very sensitive and finds its ideal living conditions in the particularly favourable climate of the Soml\u00f3 Mountain.[\/vc_column_text][\/vc_column][vc_column width=&#8221;1\/2&#8243; css=&#8221;.vc_custom_1585044467008{background-image: url(https:\/\/meinklang.at\/wp-content\/uploads\/2020\/03\/JuhfarkTraube-Kopie-korrigiert.jpg?id=3916) !important;background-position: center !important;background-repeat: no-repeat !important;background-size: cover !important;}&#8221;][\/vc_column][\/vc_row]<\/p>\n<\/div>","protected":false},"excerpt":{"rendered":"<p>[vc_row columns_height=&#8221;adjust_cols_height&#8221; css=&#8221;.vc_custom_1415281635298{margin-bottom: 0px !important;}&#8221; background_style=&#8221;normal&#8221;][vc_column width=&#8221;1\/3&#8243; css=&#8221;.vc_custom_1469783254201{padding-top: 100px !important;padding-right: 20% !important;padding-bottom: 100px !important;padding-left: 20% !important;}&#8221;][vc_column_text] Soml\u00f3 From the middle of the Hungarian Puszta expanse rises the Soml\u00f3, an extinct volcano crowned by castle ruins dating back to the 11th century. The slopes of the Soml\u00f3 are home to beautiful wines with centuries of history. [&hellip;]<\/p>\n","protected":false},"author":4,"featured_media":0,"parent":2032,"menu_order":1,"comment_status":"closed","ping_status":"closed","template":"page-full-width.php","meta":{"footnotes":""},"class_list":["post-2036","page","type-page","status-publish","hentry"],"yoast_head":"<!-- This site is optimized with the Yoast SEO plugin v27.3 - https:\/\/yoast.com\/product\/yoast-seo-wordpress\/ -->\n<title>Soml\u00f2 - Meinklang<\/title>\n<meta name=\"robots\" content=\"index, follow, max-snippet:-1, max-image-preview:large, max-video-preview:-1\" \/>\n<link rel=\"canonical\" href=\"https:\/\/meinklang.at\/en\/viniculture\/somlo\/\" \/>\n<meta property=\"og:locale\" content=\"en_US\" \/>\n<meta property=\"og:type\" content=\"article\" \/>\n<meta property=\"og:title\" content=\"Soml\u00f2 - Meinklang\" \/>\n<meta property=\"og:description\" content=\"[vc_row columns_height=&#8221;adjust_cols_height&#8221; css=&#8221;.vc_custom_1415281635298{margin-bottom: 0px !important;}&#8221; background_style=&#8221;normal&#8221;][vc_column width=&#8221;1\/3&#8243; css=&#8221;.vc_custom_1469783254201{padding-top: 100px !important;padding-right: 20% !important;padding-bottom: 100px !important;padding-left: 20% !important;}&#8221;][vc_column_text] Soml\u00f3 From the middle of the Hungarian Puszta expanse rises the Soml\u00f3, an extinct volcano crowned by castle ruins dating back to the 11th century. The slopes of the Soml\u00f3 are home to beautiful wines with centuries of history. [&hellip;]\" \/>\n<meta property=\"og:url\" content=\"https:\/\/meinklang.at\/en\/viniculture\/somlo\/\" \/>\n<meta property=\"og:site_name\" content=\"Meinklang\" \/>\n<meta property=\"article:modified_time\" content=\"2020-03-24T10:08:30+00:00\" \/>\n<meta name=\"twitter:card\" content=\"summary_large_image\" \/>\n<meta name=\"twitter:label1\" content=\"Est. reading time\" \/>\n\t<meta name=\"twitter:data1\" content=\"3 minutes\" \/>\n<script type=\"application\/ld+json\" class=\"yoast-schema-graph\">{\"@context\":\"https:\\\/\\\/schema.org\",\"@graph\":[{\"@type\":\"WebPage\",\"@id\":\"https:\\\/\\\/meinklang.at\\\/en\\\/viniculture\\\/somlo\\\/\",\"url\":\"https:\\\/\\\/meinklang.at\\\/en\\\/viniculture\\\/somlo\\\/\",\"name\":\"Soml\u00f2 - Meinklang\",\"isPartOf\":{\"@id\":\"https:\\\/\\\/meinklang.at\\\/en\\\/#website\"},\"datePublished\":\"2016-08-18T13:10:32+00:00\",\"dateModified\":\"2020-03-24T10:08:30+00:00\",\"breadcrumb\":{\"@id\":\"https:\\\/\\\/meinklang.at\\\/en\\\/viniculture\\\/somlo\\\/#breadcrumb\"},\"inLanguage\":\"en-US\",\"potentialAction\":[{\"@type\":\"ReadAction\",\"target\":[\"https:\\\/\\\/meinklang.at\\\/en\\\/viniculture\\\/somlo\\\/\"]}]},{\"@type\":\"BreadcrumbList\",\"@id\":\"https:\\\/\\\/meinklang.at\\\/en\\\/viniculture\\\/somlo\\\/#breadcrumb\",\"itemListElement\":[{\"@type\":\"ListItem\",\"position\":1,\"name\":\"Home\",\"item\":\"https:\\\/\\\/meinklang.at\\\/en\\\/\"},{\"@type\":\"ListItem\",\"position\":2,\"name\":\"Viniculture\",\"item\":\"https:\\\/\\\/meinklang.at\\\/en\\\/viniculture\\\/\"},{\"@type\":\"ListItem\",\"position\":3,\"name\":\"Soml\u00f2\"}]},{\"@type\":\"WebSite\",\"@id\":\"https:\\\/\\\/meinklang.at\\\/en\\\/#website\",\"url\":\"https:\\\/\\\/meinklang.at\\\/en\\\/\",\"name\":\"Meinklang\",\"description\":\"Demeter farm\",\"publisher\":{\"@id\":\"https:\\\/\\\/meinklang.at\\\/en\\\/#organization\"},\"potentialAction\":[{\"@type\":\"SearchAction\",\"target\":{\"@type\":\"EntryPoint\",\"urlTemplate\":\"https:\\\/\\\/meinklang.at\\\/en\\\/?s={search_term_string}\"},\"query-input\":{\"@type\":\"PropertyValueSpecification\",\"valueRequired\":true,\"valueName\":\"search_term_string\"}}],\"inLanguage\":\"en-US\"},{\"@type\":\"Organization\",\"@id\":\"https:\\\/\\\/meinklang.at\\\/en\\\/#organization\",\"name\":\"Michlits Werner GmbH\",\"url\":\"https:\\\/\\\/meinklang.at\\\/en\\\/\",\"logo\":{\"@type\":\"ImageObject\",\"inLanguage\":\"en-US\",\"@id\":\"https:\\\/\\\/meinklang.at\\\/en\\\/#\\\/schema\\\/logo\\\/image\\\/\",\"url\":\"https:\\\/\\\/meinklang.at\\\/wp-content\\\/uploads\\\/2016\\\/01\\\/Meinklang_Logo.png\",\"contentUrl\":\"https:\\\/\\\/meinklang.at\\\/wp-content\\\/uploads\\\/2016\\\/01\\\/Meinklang_Logo.png\",\"width\":171,\"height\":80,\"caption\":\"Michlits Werner GmbH\"},\"image\":{\"@id\":\"https:\\\/\\\/meinklang.at\\\/en\\\/#\\\/schema\\\/logo\\\/image\\\/\"}}]}<\/script>\n<!-- \/ Yoast SEO plugin. -->","yoast_head_json":{"title":"Soml\u00f2 - Meinklang","robots":{"index":"index","follow":"follow","max-snippet":"max-snippet:-1","max-image-preview":"max-image-preview:large","max-video-preview":"max-video-preview:-1"},"canonical":"https:\/\/meinklang.at\/en\/viniculture\/somlo\/","og_locale":"en_US","og_type":"article","og_title":"Soml\u00f2 - Meinklang","og_description":"[vc_row columns_height=&#8221;adjust_cols_height&#8221; css=&#8221;.vc_custom_1415281635298{margin-bottom: 0px !important;}&#8221; background_style=&#8221;normal&#8221;][vc_column width=&#8221;1\/3&#8243; css=&#8221;.vc_custom_1469783254201{padding-top: 100px !important;padding-right: 20% !important;padding-bottom: 100px !important;padding-left: 20% !important;}&#8221;][vc_column_text] Soml\u00f3 From the middle of the Hungarian Puszta expanse rises the Soml\u00f3, an extinct volcano crowned by castle ruins dating back to the 11th century. The slopes of the Soml\u00f3 are home to beautiful wines with centuries of history. [&hellip;]","og_url":"https:\/\/meinklang.at\/en\/viniculture\/somlo\/","og_site_name":"Meinklang","article_modified_time":"2020-03-24T10:08:30+00:00","twitter_card":"summary_large_image","twitter_misc":{"Est. reading time":"3 minutes"},"schema":{"@context":"https:\/\/schema.org","@graph":[{"@type":"WebPage","@id":"https:\/\/meinklang.at\/en\/viniculture\/somlo\/","url":"https:\/\/meinklang.at\/en\/viniculture\/somlo\/","name":"Soml\u00f2 - Meinklang","isPartOf":{"@id":"https:\/\/meinklang.at\/en\/#website"},"datePublished":"2016-08-18T13:10:32+00:00","dateModified":"2020-03-24T10:08:30+00:00","breadcrumb":{"@id":"https:\/\/meinklang.at\/en\/viniculture\/somlo\/#breadcrumb"},"inLanguage":"en-US","potentialAction":[{"@type":"ReadAction","target":["https:\/\/meinklang.at\/en\/viniculture\/somlo\/"]}]},{"@type":"BreadcrumbList","@id":"https:\/\/meinklang.at\/en\/viniculture\/somlo\/#breadcrumb","itemListElement":[{"@type":"ListItem","position":1,"name":"Home","item":"https:\/\/meinklang.at\/en\/"},{"@type":"ListItem","position":2,"name":"Viniculture","item":"https:\/\/meinklang.at\/en\/viniculture\/"},{"@type":"ListItem","position":3,"name":"Soml\u00f2"}]},{"@type":"WebSite","@id":"https:\/\/meinklang.at\/en\/#website","url":"https:\/\/meinklang.at\/en\/","name":"Meinklang","description":"Demeter farm","publisher":{"@id":"https:\/\/meinklang.at\/en\/#organization"},"potentialAction":[{"@type":"SearchAction","target":{"@type":"EntryPoint","urlTemplate":"https:\/\/meinklang.at\/en\/?s={search_term_string}"},"query-input":{"@type":"PropertyValueSpecification","valueRequired":true,"valueName":"search_term_string"}}],"inLanguage":"en-US"},{"@type":"Organization","@id":"https:\/\/meinklang.at\/en\/#organization","name":"Michlits Werner GmbH","url":"https:\/\/meinklang.at\/en\/","logo":{"@type":"ImageObject","inLanguage":"en-US","@id":"https:\/\/meinklang.at\/en\/#\/schema\/logo\/image\/","url":"https:\/\/meinklang.at\/wp-content\/uploads\/2016\/01\/Meinklang_Logo.png","contentUrl":"https:\/\/meinklang.at\/wp-content\/uploads\/2016\/01\/Meinklang_Logo.png","width":171,"height":80,"caption":"Michlits Werner GmbH"},"image":{"@id":"https:\/\/meinklang.at\/en\/#\/schema\/logo\/image\/"}}]}},"_links":{"self":[{"href":"https:\/\/meinklang.at\/en\/wp-json\/wp\/v2\/pages\/2036","targetHints":{"allow":["GET"]}}],"collection":[{"href":"https:\/\/meinklang.at\/en\/wp-json\/wp\/v2\/pages"}],"about":[{"href":"https:\/\/meinklang.at\/en\/wp-json\/wp\/v2\/types\/page"}],"author":[{"embeddable":true,"href":"https:\/\/meinklang.at\/en\/wp-json\/wp\/v2\/users\/4"}],"replies":[{"embeddable":true,"href":"https:\/\/meinklang.at\/en\/wp-json\/wp\/v2\/comments?post=2036"}],"version-history":[{"count":5,"href":"https:\/\/meinklang.at\/en\/wp-json\/wp\/v2\/pages\/2036\/revisions"}],"predecessor-version":[{"id":2157,"href":"https:\/\/meinklang.at\/en\/wp-json\/wp\/v2\/pages\/2036\/revisions\/2157"}],"up":[{"embeddable":true,"href":"https:\/\/meinklang.at\/en\/wp-json\/wp\/v2\/pages\/2032"}],"wp:attachment":[{"href":"https:\/\/meinklang.at\/en\/wp-json\/wp\/v2\/media?parent=2036"}],"curies":[{"name":"wp","href":"https:\/\/api.w.org\/{rel}","templated":true}]}}