{"id":2573,"date":"2018-02-14T12:53:33","date_gmt":"2018-02-14T11:53:33","guid":{"rendered":"http:\/\/meinklang.at\/home-v2\/"},"modified":"2021-06-04T15:01:14","modified_gmt":"2021-06-04T13:01:14","slug":"beginn-2","status":"publish","type":"page","link":"https:\/\/meinklang.at\/en\/beginn-2\/","title":{"rendered":"Home v2"},"content":{"rendered":"<div class=\"wpb-content-wrapper\"><p>[vc_row][vc_column]<style>.shortcode_getbowtied_slider .shortcode-slider-pagination .swiper-pagination-bullet.swiper-pagination-bullet-active:after{background-color: #ffffff;}<\/style>\r\n\r\n\t\t<div class=\"shortcode_getbowtied_slider swiper-container swiper-69e8153539e39 \" style=\"height:650px; width: 100%\" data-autoplay=\"10\" data-id=\"69e8153539e39\">\r\n\t\t\t<div class=\"swiper-wrapper\">\r\n\t\t\t\r\n\t\t\t<div class=\"swiper-slide left-align\"\r\n\t\t\tstyle=\t\"background: #CCCCCC url(https:\/\/meinklang.at\/wp-content\/uploads\/2019\/09\/DSC6447-scaled.jpg) center center no-repeat ;\r\n\t\t\t\t\t-webkit-background-size: cover;\r\n\t\t\t\t\t-moz-background-size: cover;\r\n\t\t\t\t\t-o-background-size: cover;\r\n\t\t\t\t\tbackground-size: cover;\r\n\t\t\t\t\tcolor: #ffffff\">\r\n\t\t\t\t\r\n\t\t\t\t<div class=\"slider-content\" data-swiper-parallax=\"-50%\">\r\n\t\t\t\t\t<div class=\"slider-content-wrapper\">\r\n\t\t\t\t\t\t\r\n\t\t\t\t\t\t\r\n\t\t\t\t\t\t\r\n\t\t\t\t\t<\/div>\r\n\t\t\t\t<\/div>\r\n\t\t\t<\/div>\r\n\t\t\t<div class=\"swiper-slide left-align\"\r\n\t\t\tstyle=\t\"background: #CCCCCC url(https:\/\/meinklang.at\/wp-content\/uploads\/2018\/02\/Begruenung-Kopie.jpg) center center no-repeat ;\r\n\t\t\t\t\t-webkit-background-size: cover;\r\n\t\t\t\t\t-moz-background-size: cover;\r\n\t\t\t\t\t-o-background-size: cover;\r\n\t\t\t\t\tbackground-size: cover;\r\n\t\t\t\t\tcolor: #ffffff\">\r\n\t\t\t\t\r\n\t\t\t\t<div class=\"slider-content\" data-swiper-parallax=\"-50%\">\r\n\t\t\t\t\t<div class=\"slider-content-wrapper\">\r\n\t\t\t\t\t\t\r\n\t\t\t\t\t\t\r\n\t\t\t\t\t\t\r\n\t\t\t\t\t<\/div>\r\n\t\t\t\t<\/div>\r\n\t\t\t<\/div>\r\n\t\t\t<div class=\"swiper-slide right-align\"\r\n\t\t\tstyle=\t\"background: #ffffff url(https:\/\/meinklang.at\/wp-content\/uploads\/2019\/09\/DSC6994.jpg) center center no-repeat ;\r\n\t\t\t\t\t-webkit-background-size: cover;\r\n\t\t\t\t\t-moz-background-size: cover;\r\n\t\t\t\t\t-o-background-size: cover;\r\n\t\t\t\t\tbackground-size: cover;\r\n\t\t\t\t\tcolor: #ffffff\">\r\n\t\t\t\t\r\n\t\t\t\t<div class=\"slider-content\" data-swiper-parallax=\"-50%\">\r\n\t\t\t\t\t<div class=\"slider-content-wrapper\">\r\n\t\t\t\t\t\t\r\n\t\t\t\t\t\t\r\n\t\t\t\t\t\t\r\n\t\t\t\t\t<\/div>\r\n\t\t\t\t<\/div>\r\n\t\t\t<\/div>\r\n\t\t\t<\/div>\r\n\t\t\t\t<div style=\"color: #ffffff\" class=\"swiper-button-prev\"><i class=\"spk-icon spk-icon-left-arrow-thin-large\"><\/i><\/div>\r\n    \t\t\t<div style=\"color: #ffffff\" class=\"swiper-button-next\"><i class=\"spk-icon spk-icon-right-arrow-thin-large\"><\/i><\/div>\r\n\t\t\t\t<div style=\"color: #ffffff\" class=\"shortcode-slider-pagination\"><\/div><\/div>[\/vc_column][\/vc_row][vc_row css=&#8221;.vc_custom_1584626796182{border-bottom-width: 0px !important;padding-top: 5% !important;padding-bottom: 6% !important;border-bottom-color: #333333 !important;border-bottom-style: solid !important;}&#8221;][vc_column width=&#8221;1\/6&#8243;][\/vc_column][vc_column width=&#8221;2\/3&#8243;][vc_column_text]<\/p>\n<h2 style=\"margin-bottom: 27px; text-align: center;\">Meinklang. Demeter-Farm<\/h2>\n<p style=\"text-align: center;\">Meinklang is an original, family-run mixed farm, set in the middle of the World Heritage Site of the National Park Neusiedlersee, on the Eastern side of the Neusiedlersee Lake, bordering directly on the Hungarian lowlands, where life\u2019s diversity and complexity are celebrated.<\/p>\n<p style=\"text-align: center;\">This farm functions much like an organism, relying not only on the people but also on the local herd of cows which contributes in an essential way with their natural and invaluable fertiliser.<\/p>\n<p style=\"text-align: center;\">The farm\u2019s diversity is enriched by ancient grains such as spelt, farro and Einkorn wheat, as well as the fruit orchards and vegetable gardens, meadows of wild herbs and flowers and the elegant charm of the grapevines.<\/p>\n<p>[\/vc_column_text][\/vc_column][vc_column width=&#8221;1\/6&#8243;][\/vc_column][\/vc_row][vc_row full_width=&#8221;stretch_row&#8221; css=&#8221;.vc_custom_1584627096033{padding-top: 4% !important;background-color: #ead8c4 !important;}&#8221;][vc_column][vc_column_text]<\/p>\n<h2>News on the Farm<\/h2>\n<p>[\/vc_column_text][\/vc_column][\/vc_row][vc_row full_width=&#8221;stretch_row&#8221; css=&#8221;.vc_custom_1584964591266{padding-bottom: 2% !important;background-color: #ead8c4 !important;}&#8221; el_class=&#8221;news&#8221;][vc_column width=&#8221;1\/3&#8243;][vc_column_text]<strong>Events and Tasting Calendar<\/strong><\/p>\n<table style=\"height: 152px;\" width=\"509\">\n<tbody>\n<tr>\n<td width=\"302\">RAW Montreal<\/td>\n<td width=\"302\">Oktober 26-27<\/td>\n<\/tr>\n<tr>\n<td width=\"302\">RAW Toronto<\/td>\n<td width=\"302\">Oktober 29<\/td>\n<\/tr>\n<tr>\n<td width=\"302\">Peripheral Hudson<\/td>\n<td width=\"302\">Oktober 30<\/td>\n<\/tr>\n<tr>\n<td width=\"302\">RAW NYC<\/td>\n<td width=\"302\">Oktober 31 &#8211; November 01<\/td>\n<\/tr>\n<tr>\n<td width=\"302\">RAW LA<\/td>\n<td width=\"302\">November 07-08<\/td>\n<\/tr>\n<\/tbody>\n<\/table>\n<p>[\/vc_column_text][\/vc_column][vc_column width=&#8221;1\/3&#8243;][vc_column_text css=&#8221;.vc_custom_1622640837431{padding-top: 0px !important;padding-bottom: 20px !important;}&#8221;]<strong>A new grain storage<\/strong><\/p>\n<p>For us, this is a milestone and further development in quality, independence and a holistic way of farming.<\/p>\n<p>After a long development, we decided to build a new grain warehouse.<br \/>\nA way to store our original cereals such as Emmer, Einkorn, Kammut and Spelled even better and to be able to husk. As a result, we continue to close the farm&#8217;s own organism, the husking takes place directly at our farm and we can use the husked grain directly. The glume is then used as feed for our herd of cattle.<\/p>\n<p>We can also separate and dry our Demeter grain in a more quality-oriented manner and ensure that more individual types of grain are grown and will be available in the future.[\/vc_column_text][\/vc_column][vc_column width=&#8221;1\/3&#8243;][vc_column_text]<strong>We change to new corks<\/strong><\/p>\n<p>Over the past few years we have repeatedly tried, tested and evaluated what is the ideal and most sustainable cork for us.<br \/>\nWe want to take a future-oriented path here, a cork that ensures high quality on the one hand, is safe for our wines, but is also environmentally friendly and has a low Co2 value.<\/p>\n<p>We opted for the new Neutrocork Premium from Korken Schiesser, a high-quality TCA-free conglomerate cork which is not coated with silicone as usual but is obtained from nature like beeswax.<br \/>\nAll of our wines that are not closed with crown corks or screw caps will be closed with this environmentally friendly but also safe cork in the future[\/vc_column_text][\/vc_column][\/vc_row][vc_row full_width=&#8221;stretch_row_content&#8221; content_placement=&#8221;middle&#8221; parallax=&#8221;content-moving&#8221; parallax_image=&#8221;3215&#8243; disable_element=&#8221;yes&#8221; css=&#8221;.vc_custom_1622811654671{padding-top: 8% !important;padding-bottom: 8% !important;background-color: #f4f4f4 !important;}&#8221;][vc_column][vc_btn title=&#8221;To the Meinklang Shop&#8221; color=&#8221;chino&#8221; size=&#8221;lg&#8221; align=&#8221;center&#8221; link=&#8221;url:http%3A%2F%2Fmeinklang.at%2Fshop%2F|||&#8221;][\/vc_column][\/vc_row][vc_row full_width=&#8221;stretch_row&#8221; css=&#8221;.vc_custom_1622811663102{padding-top: 5% !important;padding-bottom: 5% !important;background-color: #f4f4f4 !important;}&#8221;][vc_column css=&#8221;.vc_custom_1520612776109{padding-right: 0px !important;padding-left: 0px !important;}&#8221;][vc_media_grid grid_id=&#8221;vc_gid:1622811621026-9eb22de7-05cc-9&#8243; include=&#8221;3216,3218,3217,3219,3220,3222,3224,3226,3223&#8243;][\/vc_column][\/vc_row]<\/p>\n<\/div>","protected":false},"excerpt":{"rendered":"<p>[vc_row][vc_column][\/vc_column][\/vc_row][vc_row css=&#8221;.vc_custom_1584626796182{border-bottom-width: 0px !important;padding-top: 5% !important;padding-bottom: 6% !important;border-bottom-color: #333333 !important;border-bottom-style: solid !important;}&#8221;][vc_column width=&#8221;1\/6&#8243;][\/vc_column][vc_column width=&#8221;2\/3&#8243;][vc_column_text] Meinklang. Demeter-Farm Meinklang is an original, family-run mixed farm, set in the middle of the World Heritage Site of the National Park Neusiedlersee, on the Eastern side of the Neusiedlersee Lake, bordering directly on the Hungarian lowlands, where life\u2019s diversity and [&hellip;]<\/p>\n","protected":false},"author":104,"featured_media":0,"parent":0,"menu_order":0,"comment_status":"closed","ping_status":"closed","template":"","meta":{"footnotes":""},"class_list":["post-2573","page","type-page","status-publish","hentry"],"yoast_head":"<!-- This site is optimized with the Yoast SEO plugin v27.3 - https:\/\/yoast.com\/product\/yoast-seo-wordpress\/ -->\n<title>Meinklang | Demeter-Hof im Seewinkel<\/title>\n<meta name=\"description\" content=\"Meinklang \u2013 Ein urspr\u00fcnglicher, vielf\u00e4ltiger Hof bewirtschaftet von einer Gro\u00dffamilie, inmitten des Weltkulturerbes des Nationalparks am \u00f6stlichen Neusiedlersee, direkt an der Grenze zur ungarischen Tiefebene, wo das Leben in all seiner Vielfalt und Vielschichtigkeit zelebriert wird.\" \/>\n<meta name=\"robots\" content=\"index, follow, max-snippet:-1, max-image-preview:large, max-video-preview:-1\" \/>\n<link rel=\"canonical\" href=\"https:\/\/meinklang.at\/en\/beginn-2\/\" \/>\n<meta property=\"og:locale\" content=\"en_US\" \/>\n<meta property=\"og:type\" content=\"article\" \/>\n<meta property=\"og:title\" content=\"Meinklang | Demeter-Hof im Seewinkel\" \/>\n<meta property=\"og:description\" content=\"Meinklang \u2013 Ein urspr\u00fcnglicher, vielf\u00e4ltiger Hof bewirtschaftet von einer Gro\u00dffamilie, inmitten des Weltkulturerbes des Nationalparks am \u00f6stlichen Neusiedlersee, direkt an der Grenze zur ungarischen Tiefebene, wo das Leben in all seiner Vielfalt und Vielschichtigkeit zelebriert wird.\" \/>\n<meta property=\"og:url\" content=\"https:\/\/meinklang.at\/en\/beginn-2\/\" \/>\n<meta property=\"og:site_name\" content=\"Meinklang\" \/>\n<meta property=\"article:modified_time\" content=\"2021-06-04T13:01:14+00:00\" \/>\n<meta name=\"twitter:card\" content=\"summary_large_image\" \/>\n<meta name=\"twitter:label1\" content=\"Est. reading time\" \/>\n\t<meta name=\"twitter:data1\" content=\"3 minutes\" \/>\n<script type=\"application\/ld+json\" class=\"yoast-schema-graph\">{\"@context\":\"https:\\\/\\\/schema.org\",\"@graph\":[{\"@type\":\"WebPage\",\"@id\":\"https:\\\/\\\/meinklang.at\\\/en\\\/beginn-2\\\/\",\"url\":\"https:\\\/\\\/meinklang.at\\\/en\\\/beginn-2\\\/\",\"name\":\"Meinklang | Demeter-Hof im Seewinkel\",\"isPartOf\":{\"@id\":\"https:\\\/\\\/meinklang.at\\\/en\\\/#website\"},\"datePublished\":\"2018-02-14T11:53:33+00:00\",\"dateModified\":\"2021-06-04T13:01:14+00:00\",\"description\":\"Meinklang \u2013 Ein urspr\u00fcnglicher, vielf\u00e4ltiger Hof bewirtschaftet von einer Gro\u00dffamilie, inmitten des Weltkulturerbes des Nationalparks am \u00f6stlichen Neusiedlersee, direkt an der Grenze zur ungarischen Tiefebene, wo das Leben in all seiner Vielfalt und Vielschichtigkeit zelebriert wird.\",\"breadcrumb\":{\"@id\":\"https:\\\/\\\/meinklang.at\\\/en\\\/beginn-2\\\/#breadcrumb\"},\"inLanguage\":\"en-US\",\"potentialAction\":[{\"@type\":\"ReadAction\",\"target\":[\"https:\\\/\\\/meinklang.at\\\/en\\\/beginn-2\\\/\"]}]},{\"@type\":\"BreadcrumbList\",\"@id\":\"https:\\\/\\\/meinklang.at\\\/en\\\/beginn-2\\\/#breadcrumb\",\"itemListElement\":[{\"@type\":\"ListItem\",\"position\":1,\"name\":\"Home\",\"item\":\"https:\\\/\\\/meinklang.at\\\/en\\\/\"},{\"@type\":\"ListItem\",\"position\":2,\"name\":\"Home v2\"}]},{\"@type\":\"WebSite\",\"@id\":\"https:\\\/\\\/meinklang.at\\\/en\\\/#website\",\"url\":\"https:\\\/\\\/meinklang.at\\\/en\\\/\",\"name\":\"Meinklang\",\"description\":\"Demeter farm\",\"publisher\":{\"@id\":\"https:\\\/\\\/meinklang.at\\\/en\\\/#organization\"},\"potentialAction\":[{\"@type\":\"SearchAction\",\"target\":{\"@type\":\"EntryPoint\",\"urlTemplate\":\"https:\\\/\\\/meinklang.at\\\/en\\\/?s={search_term_string}\"},\"query-input\":{\"@type\":\"PropertyValueSpecification\",\"valueRequired\":true,\"valueName\":\"search_term_string\"}}],\"inLanguage\":\"en-US\"},{\"@type\":\"Organization\",\"@id\":\"https:\\\/\\\/meinklang.at\\\/en\\\/#organization\",\"name\":\"Michlits Werner GmbH\",\"url\":\"https:\\\/\\\/meinklang.at\\\/en\\\/\",\"logo\":{\"@type\":\"ImageObject\",\"inLanguage\":\"en-US\",\"@id\":\"https:\\\/\\\/meinklang.at\\\/en\\\/#\\\/schema\\\/logo\\\/image\\\/\",\"url\":\"https:\\\/\\\/meinklang.at\\\/wp-content\\\/uploads\\\/2016\\\/01\\\/Meinklang_Logo.png\",\"contentUrl\":\"https:\\\/\\\/meinklang.at\\\/wp-content\\\/uploads\\\/2016\\\/01\\\/Meinklang_Logo.png\",\"width\":171,\"height\":80,\"caption\":\"Michlits Werner GmbH\"},\"image\":{\"@id\":\"https:\\\/\\\/meinklang.at\\\/en\\\/#\\\/schema\\\/logo\\\/image\\\/\"}}]}<\/script>\n<!-- \/ Yoast SEO plugin. -->","yoast_head_json":{"title":"Meinklang | Demeter-Hof im Seewinkel","description":"Meinklang \u2013 Ein urspr\u00fcnglicher, vielf\u00e4ltiger Hof bewirtschaftet von einer Gro\u00dffamilie, inmitten des Weltkulturerbes des Nationalparks am \u00f6stlichen Neusiedlersee, direkt an der Grenze zur ungarischen Tiefebene, wo das Leben in all seiner Vielfalt und Vielschichtigkeit zelebriert wird.","robots":{"index":"index","follow":"follow","max-snippet":"max-snippet:-1","max-image-preview":"max-image-preview:large","max-video-preview":"max-video-preview:-1"},"canonical":"https:\/\/meinklang.at\/en\/beginn-2\/","og_locale":"en_US","og_type":"article","og_title":"Meinklang | Demeter-Hof im Seewinkel","og_description":"Meinklang \u2013 Ein urspr\u00fcnglicher, vielf\u00e4ltiger Hof bewirtschaftet von einer Gro\u00dffamilie, inmitten des Weltkulturerbes des Nationalparks am \u00f6stlichen Neusiedlersee, direkt an der Grenze zur ungarischen Tiefebene, wo das Leben in all seiner Vielfalt und Vielschichtigkeit zelebriert wird.","og_url":"https:\/\/meinklang.at\/en\/beginn-2\/","og_site_name":"Meinklang","article_modified_time":"2021-06-04T13:01:14+00:00","twitter_card":"summary_large_image","twitter_misc":{"Est. reading time":"3 minutes"},"schema":{"@context":"https:\/\/schema.org","@graph":[{"@type":"WebPage","@id":"https:\/\/meinklang.at\/en\/beginn-2\/","url":"https:\/\/meinklang.at\/en\/beginn-2\/","name":"Meinklang | Demeter-Hof im Seewinkel","isPartOf":{"@id":"https:\/\/meinklang.at\/en\/#website"},"datePublished":"2018-02-14T11:53:33+00:00","dateModified":"2021-06-04T13:01:14+00:00","description":"Meinklang \u2013 Ein urspr\u00fcnglicher, vielf\u00e4ltiger Hof bewirtschaftet von einer Gro\u00dffamilie, inmitten des Weltkulturerbes des Nationalparks am \u00f6stlichen Neusiedlersee, direkt an der Grenze zur ungarischen Tiefebene, wo das Leben in all seiner Vielfalt und Vielschichtigkeit zelebriert wird.","breadcrumb":{"@id":"https:\/\/meinklang.at\/en\/beginn-2\/#breadcrumb"},"inLanguage":"en-US","potentialAction":[{"@type":"ReadAction","target":["https:\/\/meinklang.at\/en\/beginn-2\/"]}]},{"@type":"BreadcrumbList","@id":"https:\/\/meinklang.at\/en\/beginn-2\/#breadcrumb","itemListElement":[{"@type":"ListItem","position":1,"name":"Home","item":"https:\/\/meinklang.at\/en\/"},{"@type":"ListItem","position":2,"name":"Home v2"}]},{"@type":"WebSite","@id":"https:\/\/meinklang.at\/en\/#website","url":"https:\/\/meinklang.at\/en\/","name":"Meinklang","description":"Demeter farm","publisher":{"@id":"https:\/\/meinklang.at\/en\/#organization"},"potentialAction":[{"@type":"SearchAction","target":{"@type":"EntryPoint","urlTemplate":"https:\/\/meinklang.at\/en\/?s={search_term_string}"},"query-input":{"@type":"PropertyValueSpecification","valueRequired":true,"valueName":"search_term_string"}}],"inLanguage":"en-US"},{"@type":"Organization","@id":"https:\/\/meinklang.at\/en\/#organization","name":"Michlits Werner GmbH","url":"https:\/\/meinklang.at\/en\/","logo":{"@type":"ImageObject","inLanguage":"en-US","@id":"https:\/\/meinklang.at\/en\/#\/schema\/logo\/image\/","url":"https:\/\/meinklang.at\/wp-content\/uploads\/2016\/01\/Meinklang_Logo.png","contentUrl":"https:\/\/meinklang.at\/wp-content\/uploads\/2016\/01\/Meinklang_Logo.png","width":171,"height":80,"caption":"Michlits Werner GmbH"},"image":{"@id":"https:\/\/meinklang.at\/en\/#\/schema\/logo\/image\/"}}]}},"_links":{"self":[{"href":"https:\/\/meinklang.at\/en\/wp-json\/wp\/v2\/pages\/2573","targetHints":{"allow":["GET"]}}],"collection":[{"href":"https:\/\/meinklang.at\/en\/wp-json\/wp\/v2\/pages"}],"about":[{"href":"https:\/\/meinklang.at\/en\/wp-json\/wp\/v2\/types\/page"}],"author":[{"embeddable":true,"href":"https:\/\/meinklang.at\/en\/wp-json\/wp\/v2\/users\/104"}],"replies":[{"embeddable":true,"href":"https:\/\/meinklang.at\/en\/wp-json\/wp\/v2\/comments?post=2573"}],"version-history":[{"count":46,"href":"https:\/\/meinklang.at\/en\/wp-json\/wp\/v2\/pages\/2573\/revisions"}],"predecessor-version":[{"id":5137,"href":"https:\/\/meinklang.at\/en\/wp-json\/wp\/v2\/pages\/2573\/revisions\/5137"}],"wp:attachment":[{"href":"https:\/\/meinklang.at\/en\/wp-json\/wp\/v2\/media?parent=2573"}],"curies":[{"name":"wp","href":"https:\/\/api.w.org\/{rel}","templated":true}]}}