{"id":934,"date":"2015-07-11T14:38:30","date_gmt":"2015-07-11T12:38:30","guid":{"rendered":"http:\/\/d23472.ispservices.at\/meinklang.at\/?page_id=934"},"modified":"2022-07-07T14:11:16","modified_gmt":"2022-07-07T12:11:16","slug":"bezahlung-versand","status":"publish","type":"page","link":"https:\/\/meinklang.at\/en\/shop\/bezahlung-versand\/","title":{"rendered":"Bezahlung &#038; Versand"},"content":{"rendered":"<div class=\"wpb-content-wrapper\"><p>[vc_row][vc_column css=&#8221;.vc_custom_1453373026890{padding-top: 50px !important;padding-right: 5% !important;padding-bottom: 50px !important;padding-left: 5% !important;}&#8221;][vc_column_text]<\/p>\n<h2>Bezahlung &amp; Versand<\/h2>\n<p>&nbsp;<\/p>\n<p>Alle Preise verstehen sich in Euro ab Hof f\u00fcr Letztverbraucher, inkl. aller \u00f6sterreichischen Steuern und Abgaben. Glas und Verpackung sind enthalten, ebenso die \u00f6sterreichischen Entsorgungskosten f\u00fcr Flaschen und Kartons.<br \/>\nUnser Angebot ist freibleibend. Sie k\u00f6nnen innerhalb von 10 Tagen nach Bestellung oder Reservierung zur\u00fccktreten. Allerdings muss dann der Besteller f\u00fcr bereits ausgelieferte Ware f\u00fcr die gesamten Hin- und R\u00fccktransportkosten aufkommen.<\/p>\n<p><b>Versandkosten:<span class=\"Apple-converted-space\">\u00a0<\/span><\/b><\/p>\n<p>Wir verschicken\u00a0ausschlie\u00dflich in die EU.<\/p>\n<p><b>\u00d6sterreich &amp; Deutschland:<\/b> Ab einer Bestellmenge von 50,- \u20ac Brutto, liefern wir frei Haus. Darunter verrechnen wir Versandkosten von 5,- \u20ac<span class=\"Apple-converted-space\">\u00a0<\/span><\/p>\n<p><b>Belgien, Italien, Kroatien, Luxemburg, Niederlande, Slowakei, Slowenien, Tschechische Republik, Ungarn, D\u00e4nemark, Finnland, Frankreich, Polen, Schweden:<\/b> Ab einer Bestellmenge von 200,- \u20ac Brutto, liefern wir frei Haus. Darunter verrechnen wir Versandkosten von 15,- \u20ac<\/p>\n<p><b>Bulgarien, Estland, Griechenland, Irland, Lettland, Litauen, Malta, Portugal, Rum\u00e4nien, Spanien, Zypern: <\/b>Pauschale Versandkosten von 30,- \u20ac<\/p>\n<p><strong>Rechnungen<\/strong> sind sofort zu begleichen.<br \/>\nSie haben die M\u00f6glichkeit den Rechnungsbetrag Ihrer Bestellung mit Visa, MasterCard oder PayPal zu begleichen.<br \/>\nDie Ware wird erst nach Einlangen oder Umbuchung des Rechnungsbetrages von uns ausgeliefert und bleibt bis zur vollst\u00e4ndigen Bezahlung aller Forderungen und Nebenforderungen unser Eigentum.[\/vc_column_text][\/vc_column][\/vc_row]<\/p>\n<\/div>","protected":false},"excerpt":{"rendered":"<p>[vc_row][vc_column css=&#8221;.vc_custom_1453373026890{padding-top: 50px !important;padding-right: 5% !important;padding-bottom: 50px !important;padding-left: 5% !important;}&#8221;][vc_column_text] Bezahlung &amp; Versand &nbsp; Alle Preise verstehen sich in Euro ab Hof f\u00fcr Letztverbraucher, inkl. aller \u00f6sterreichischen Steuern und Abgaben. Glas und Verpackung sind enthalten, ebenso die \u00f6sterreichischen Entsorgungskosten f\u00fcr Flaschen und Kartons. Unser Angebot ist freibleibend. Sie k\u00f6nnen innerhalb von 10 Tagen nach Bestellung [&hellip;]<\/p>\n","protected":false},"author":4,"featured_media":0,"parent":492,"menu_order":5,"comment_status":"closed","ping_status":"open","template":"","meta":{"footnotes":""},"class_list":["post-934","page","type-page","status-publish","hentry"],"yoast_head":"<!-- This site is optimized with the Yoast SEO plugin v27.3 - https:\/\/yoast.com\/product\/yoast-seo-wordpress\/ -->\n<title>Bezahlung &amp; Versand - Meinklang<\/title>\n<meta name=\"robots\" content=\"index, follow, max-snippet:-1, max-image-preview:large, max-video-preview:-1\" \/>\n<link rel=\"canonical\" href=\"https:\/\/meinklang.at\/en\/shop\/bezahlung-versand\/\" \/>\n<meta property=\"og:locale\" content=\"en_US\" \/>\n<meta property=\"og:type\" content=\"article\" \/>\n<meta property=\"og:title\" content=\"Bezahlung &amp; Versand - Meinklang\" \/>\n<meta property=\"og:description\" content=\"[vc_row][vc_column css=&#8221;.vc_custom_1453373026890{padding-top: 50px !important;padding-right: 5% !important;padding-bottom: 50px !important;padding-left: 5% !important;}&#8221;][vc_column_text] Bezahlung &amp; Versand &nbsp; Alle Preise verstehen sich in Euro ab Hof f\u00fcr Letztverbraucher, inkl. aller \u00f6sterreichischen Steuern und Abgaben. Glas und Verpackung sind enthalten, ebenso die \u00f6sterreichischen Entsorgungskosten f\u00fcr Flaschen und Kartons. Unser Angebot ist freibleibend. Sie k\u00f6nnen innerhalb von 10 Tagen nach Bestellung [&hellip;]\" \/>\n<meta property=\"og:url\" content=\"https:\/\/meinklang.at\/en\/shop\/bezahlung-versand\/\" \/>\n<meta property=\"og:site_name\" content=\"Meinklang\" \/>\n<meta property=\"article:modified_time\" content=\"2022-07-07T12:11:16+00:00\" \/>\n<meta name=\"twitter:card\" content=\"summary_large_image\" \/>\n<meta name=\"twitter:label1\" content=\"Est. reading time\" \/>\n\t<meta name=\"twitter:data1\" content=\"2 minutes\" \/>\n<script type=\"application\/ld+json\" class=\"yoast-schema-graph\">{\"@context\":\"https:\\\/\\\/schema.org\",\"@graph\":[{\"@type\":\"WebPage\",\"@id\":\"https:\\\/\\\/meinklang.at\\\/en\\\/shop\\\/bezahlung-versand\\\/\",\"url\":\"https:\\\/\\\/meinklang.at\\\/en\\\/shop\\\/bezahlung-versand\\\/\",\"name\":\"Bezahlung & Versand - Meinklang\",\"isPartOf\":{\"@id\":\"https:\\\/\\\/meinklang.at\\\/en\\\/#website\"},\"datePublished\":\"2015-07-11T12:38:30+00:00\",\"dateModified\":\"2022-07-07T12:11:16+00:00\",\"breadcrumb\":{\"@id\":\"https:\\\/\\\/meinklang.at\\\/en\\\/shop\\\/bezahlung-versand\\\/#breadcrumb\"},\"inLanguage\":\"en-US\",\"potentialAction\":[{\"@type\":\"ReadAction\",\"target\":[\"https:\\\/\\\/meinklang.at\\\/en\\\/shop\\\/bezahlung-versand\\\/\"]}]},{\"@type\":\"BreadcrumbList\",\"@id\":\"https:\\\/\\\/meinklang.at\\\/en\\\/shop\\\/bezahlung-versand\\\/#breadcrumb\",\"itemListElement\":[{\"@type\":\"ListItem\",\"position\":1,\"name\":\"Home\",\"item\":\"https:\\\/\\\/meinklang.at\\\/en\\\/\"},{\"@type\":\"ListItem\",\"position\":2,\"name\":\"Shop\",\"item\":\"https:\\\/\\\/meinklang.at\\\/en\\\/shop\\\/\"},{\"@type\":\"ListItem\",\"position\":3,\"name\":\"Bezahlung &#038; Versand\"}]},{\"@type\":\"WebSite\",\"@id\":\"https:\\\/\\\/meinklang.at\\\/en\\\/#website\",\"url\":\"https:\\\/\\\/meinklang.at\\\/en\\\/\",\"name\":\"Meinklang\",\"description\":\"Demeter farm\",\"publisher\":{\"@id\":\"https:\\\/\\\/meinklang.at\\\/en\\\/#organization\"},\"potentialAction\":[{\"@type\":\"SearchAction\",\"target\":{\"@type\":\"EntryPoint\",\"urlTemplate\":\"https:\\\/\\\/meinklang.at\\\/en\\\/?s={search_term_string}\"},\"query-input\":{\"@type\":\"PropertyValueSpecification\",\"valueRequired\":true,\"valueName\":\"search_term_string\"}}],\"inLanguage\":\"en-US\"},{\"@type\":\"Organization\",\"@id\":\"https:\\\/\\\/meinklang.at\\\/en\\\/#organization\",\"name\":\"Michlits Werner GmbH\",\"url\":\"https:\\\/\\\/meinklang.at\\\/en\\\/\",\"logo\":{\"@type\":\"ImageObject\",\"inLanguage\":\"en-US\",\"@id\":\"https:\\\/\\\/meinklang.at\\\/en\\\/#\\\/schema\\\/logo\\\/image\\\/\",\"url\":\"https:\\\/\\\/meinklang.at\\\/wp-content\\\/uploads\\\/2016\\\/01\\\/Meinklang_Logo.png\",\"contentUrl\":\"https:\\\/\\\/meinklang.at\\\/wp-content\\\/uploads\\\/2016\\\/01\\\/Meinklang_Logo.png\",\"width\":171,\"height\":80,\"caption\":\"Michlits Werner GmbH\"},\"image\":{\"@id\":\"https:\\\/\\\/meinklang.at\\\/en\\\/#\\\/schema\\\/logo\\\/image\\\/\"}}]}<\/script>\n<!-- \/ Yoast SEO plugin. -->","yoast_head_json":{"title":"Bezahlung & Versand - Meinklang","robots":{"index":"index","follow":"follow","max-snippet":"max-snippet:-1","max-image-preview":"max-image-preview:large","max-video-preview":"max-video-preview:-1"},"canonical":"https:\/\/meinklang.at\/en\/shop\/bezahlung-versand\/","og_locale":"en_US","og_type":"article","og_title":"Bezahlung & Versand - Meinklang","og_description":"[vc_row][vc_column css=&#8221;.vc_custom_1453373026890{padding-top: 50px !important;padding-right: 5% !important;padding-bottom: 50px !important;padding-left: 5% !important;}&#8221;][vc_column_text] Bezahlung &amp; Versand &nbsp; Alle Preise verstehen sich in Euro ab Hof f\u00fcr Letztverbraucher, inkl. aller \u00f6sterreichischen Steuern und Abgaben. Glas und Verpackung sind enthalten, ebenso die \u00f6sterreichischen Entsorgungskosten f\u00fcr Flaschen und Kartons. Unser Angebot ist freibleibend. Sie k\u00f6nnen innerhalb von 10 Tagen nach Bestellung [&hellip;]","og_url":"https:\/\/meinklang.at\/en\/shop\/bezahlung-versand\/","og_site_name":"Meinklang","article_modified_time":"2022-07-07T12:11:16+00:00","twitter_card":"summary_large_image","twitter_misc":{"Est. reading time":"2 minutes"},"schema":{"@context":"https:\/\/schema.org","@graph":[{"@type":"WebPage","@id":"https:\/\/meinklang.at\/en\/shop\/bezahlung-versand\/","url":"https:\/\/meinklang.at\/en\/shop\/bezahlung-versand\/","name":"Bezahlung & Versand - Meinklang","isPartOf":{"@id":"https:\/\/meinklang.at\/en\/#website"},"datePublished":"2015-07-11T12:38:30+00:00","dateModified":"2022-07-07T12:11:16+00:00","breadcrumb":{"@id":"https:\/\/meinklang.at\/en\/shop\/bezahlung-versand\/#breadcrumb"},"inLanguage":"en-US","potentialAction":[{"@type":"ReadAction","target":["https:\/\/meinklang.at\/en\/shop\/bezahlung-versand\/"]}]},{"@type":"BreadcrumbList","@id":"https:\/\/meinklang.at\/en\/shop\/bezahlung-versand\/#breadcrumb","itemListElement":[{"@type":"ListItem","position":1,"name":"Home","item":"https:\/\/meinklang.at\/en\/"},{"@type":"ListItem","position":2,"name":"Shop","item":"https:\/\/meinklang.at\/en\/shop\/"},{"@type":"ListItem","position":3,"name":"Bezahlung &#038; Versand"}]},{"@type":"WebSite","@id":"https:\/\/meinklang.at\/en\/#website","url":"https:\/\/meinklang.at\/en\/","name":"Meinklang","description":"Demeter farm","publisher":{"@id":"https:\/\/meinklang.at\/en\/#organization"},"potentialAction":[{"@type":"SearchAction","target":{"@type":"EntryPoint","urlTemplate":"https:\/\/meinklang.at\/en\/?s={search_term_string}"},"query-input":{"@type":"PropertyValueSpecification","valueRequired":true,"valueName":"search_term_string"}}],"inLanguage":"en-US"},{"@type":"Organization","@id":"https:\/\/meinklang.at\/en\/#organization","name":"Michlits Werner GmbH","url":"https:\/\/meinklang.at\/en\/","logo":{"@type":"ImageObject","inLanguage":"en-US","@id":"https:\/\/meinklang.at\/en\/#\/schema\/logo\/image\/","url":"https:\/\/meinklang.at\/wp-content\/uploads\/2016\/01\/Meinklang_Logo.png","contentUrl":"https:\/\/meinklang.at\/wp-content\/uploads\/2016\/01\/Meinklang_Logo.png","width":171,"height":80,"caption":"Michlits Werner GmbH"},"image":{"@id":"https:\/\/meinklang.at\/en\/#\/schema\/logo\/image\/"}}]}},"_links":{"self":[{"href":"https:\/\/meinklang.at\/en\/wp-json\/wp\/v2\/pages\/934","targetHints":{"allow":["GET"]}}],"collection":[{"href":"https:\/\/meinklang.at\/en\/wp-json\/wp\/v2\/pages"}],"about":[{"href":"https:\/\/meinklang.at\/en\/wp-json\/wp\/v2\/types\/page"}],"author":[{"embeddable":true,"href":"https:\/\/meinklang.at\/en\/wp-json\/wp\/v2\/users\/4"}],"replies":[{"embeddable":true,"href":"https:\/\/meinklang.at\/en\/wp-json\/wp\/v2\/comments?post=934"}],"version-history":[{"count":10,"href":"https:\/\/meinklang.at\/en\/wp-json\/wp\/v2\/pages\/934\/revisions"}],"predecessor-version":[{"id":6726,"href":"https:\/\/meinklang.at\/en\/wp-json\/wp\/v2\/pages\/934\/revisions\/6726"}],"up":[{"embeddable":true,"href":"https:\/\/meinklang.at\/en\/wp-json\/wp\/v2\/pages\/492"}],"wp:attachment":[{"href":"https:\/\/meinklang.at\/en\/wp-json\/wp\/v2\/media?parent=934"}],"curies":[{"name":"wp","href":"https:\/\/api.w.org\/{rel}","templated":true}]}}